{"id":966,"date":"2022-09-13T20:25:02","date_gmt":"2022-09-13T19:25:02","guid":{"rendered":"https:\/\/grupobribon.es\/bribbon\/?page_id=966"},"modified":"2026-03-26T10:59:00","modified_gmt":"2026-03-26T09:59:00","slug":"bribbon-2","status":"publish","type":"page","link":"https:\/\/grupobribon.es\/bribbon\/","title":{"rendered":"BRIBB\u014cN"},"content":{"rendered":"<div id='fullscreen_slider_1'  class='avia-fullscreen-slider main_color   avia-builder-el-0  el_before_av_layout_row  avia-builder-el-first   container_wrap sidebar_right' style=' '  ><div   data-size='extra_large'  data-lightbox_size='large'  data-animation='slide'  data-conditional_play=''  data-ids='1258'  data-video_counter='0'  data-autoplay='false'  data-bg_slider='true'  data-slide_height='100'  data-handle='av_fullscreen'  data-interval='5'  data-class=' '  data-el_id=''  data-css_id='fullscreen_slider_1'  data-scroll_down=''  data-control_layout='av-control-default'  data-custom_markup=''  data-perma_caption='aviaTBperma_caption'  data-autoplay_stopper=''  data-image_attachment=''  data-min_height='0px'  data-lazy_loading='disabled'  data-stretch=''  data-default-height='100'  class='avia-slideshow avia-slideshow-1  av-control-default av-default-height-applied avia-slideshow-extra_large av_fullscreen   avia-slide-slider '  itemprop=\"image\" itemscope=\"itemscope\" itemtype=\"https:\/\/schema.org\/ImageObject\" ><ul class='avia-slideshow-inner ' style='padding-bottom: 69.266666666667%;' ><li style='background-position:center center;' data-img-url='https:\/\/grupobribon.es\/bribbon\/wp-content\/uploads\/2026\/02\/BRIBBON-Barra-Brasa-1500x1039.jpeg' class=' av-single-slide slide-1 ' ><div data-rel='slideshow-1' class='avia-slide-wrap '   ><div class='av-section-color-overlay' style='opacity: 0.4; background-color: #383f5c; '><\/div><\/div><\/li><\/ul><div class = \"caption_fullwidth av-slideshow-caption caption_center\"><div class = \"container caption_container\"><div class = \"slideshow_caption\"><div class = \"slideshow_inner_caption\"><div class = \"slideshow_align_caption\"><h2  style='font-size:55px; ' class='avia-caption-title  '  itemprop=\"name\" >BRIBB\u014cN<\/h2><div class='avia-caption-content  av_inherit_color'  itemprop=\"description\"   style='font-size:24px; '><p>Barra &amp; Brasa al lado del acueducto.<\/p>\n<p>De lunes a domingo &#8211; 9:00 a 00:00<\/p>\n<p>Reservas: 680 36 80 90<\/p>\n<\/div><a href='https:\/\/bookings.agorapos.com\/reservas\/widget\/2004\/calendario\/28f6c78c3d6882d10d10138f9dd930d1a07af471' target=\"_blank\" rel=\"noopener noreferrer\" class='avia-slideshow-button avia-button avia-color-light avia-multi-slideshow-button' data-duration='800' data-easing='easeInOutQuad'>RESERVAS<\/a><a href='https:\/\/grupobribon.es\/bribbon\/nuestra-carta\/'  class='avia-slideshow-button avia-button avia-color-theme-color-highlight avia-multi-slideshow-button avia-slideshow-button-2' data-duration='800' data-easing='easeInOutQuad'>NUESTRA CARTA<\/a><\/div><\/div><\/div><\/div><\/div><\/div><\/div>\n<div id='welcome'  class='av-layout-grid-container entry-content-wrapper main_color av-fixed-cells     avia-builder-el-1  el_after_av_fullscreen  el_before_av_masonry_gallery  submenu-not-first container_wrap sidebar_right' style=' '  >\n<div class=\"flex_cell no_margin av_one_fourth  avia-builder-el-2  el_before_av_cell_one_fourth  avia-builder-el-first   av-zero-padding \"  style='height:15px; min-height:15px;background: #383f5c; vertical-align:top; padding:0px; background-color:#383f5c; ' ><div class='flex_cell_inner' ><\/div><\/div><div class=\"flex_cell no_margin av_one_fourth  avia-builder-el-3  el_after_av_cell_one_fourth  el_before_av_cell_one_fourth   av-zero-padding \"  style='height:15px; min-height:15px;background: #ebebe9; vertical-align:top; padding:0px; background-color:#ebebe9; ' ><div class='flex_cell_inner' ><\/div><\/div><div class=\"flex_cell no_margin av_one_fourth  avia-builder-el-4  el_after_av_cell_one_fourth  el_before_av_cell_one_fourth   av-zero-padding \"  style='height:15px; min-height:15px;background: #ebebe9; vertical-align:top; padding:0px; background-color:#ebebe9; ' ><div class='flex_cell_inner' ><\/div><\/div><div class=\"flex_cell no_margin av_one_fourth  avia-builder-el-5  el_after_av_cell_one_fourth  avia-builder-el-last   av-zero-padding \"  style='height:15px; min-height:15px;background: #383f5c; vertical-align:top; padding:0px; background-color:#383f5c; ' ><div class='flex_cell_inner' ><\/div><\/div>\n<\/div>\n<div id='av-masonry-1' class='av-masonry  noHover av-fixed-size av-no-gap av-hover-overlay- av-masonry-animation-active av-masonry-col-5 av-caption-always av-caption-style- av-masonry-gallery   av-orientation-portrait  '  ><div class='av-masonry-container isotope av-js-disabled ' ><div class='av-masonry-entry isotope-item av-masonry-item-no-image '><\/div><a href=\"https:\/\/grupobribon.es\/bribbon\/wp-content\/uploads\/2026\/02\/BRIBBON-SEGOVIA3-1-579x1030.jpeg\"  aria-label=\"image BRIBB\u014cN SEGOVIA3\"  id='av-masonry-1-item-1246' data-av-masonry-item='1246' class='av-masonry-entry isotope-item post-1246 attachment type-attachment status-inherit hentry  av-masonry-item-with-image' title=\"\" alt=\"BRIBB\u014cN - Barra &amp; Brasa en Segovia\"   itemprop=\"thumbnailUrl\" ><div class='av-inner-masonry-sizer'><\/div><figure class='av-inner-masonry main_color'><div class=\"av-masonry-outerimage-container\"><div class=\"av-masonry-image-container\" style=\"background-image: url(https:\/\/grupobribon.es\/bribbon\/wp-content\/uploads\/2026\/02\/BRIBBON-SEGOVIA3-1-397x705.jpeg);\" title=\"BRIBB\u014cN SEGOVIA3\"  alt=\"BRIBB\u014cN - Barra &amp; Brasa en Segovia\" ><\/div><\/div><\/figure><\/a><!--end av-masonry entry--><a href=\"https:\/\/grupobribon.es\/bribbon\/wp-content\/uploads\/2026\/02\/IMG_8228-773x1030.jpg\"  aria-label=\"image BRIBB\u014cN  &#8211; Barra &#038; Brasa\"  id='av-masonry-1-item-1254' data-av-masonry-item='1254' class='av-masonry-entry isotope-item post-1254 attachment type-attachment status-inherit hentry  av-masonry-item-with-image' title=\"\" alt=\"BRIBB\u014cN - Barra &amp; Brasa\"   itemprop=\"thumbnailUrl\" ><div class='av-inner-masonry-sizer'><\/div><figure class='av-inner-masonry main_color'><div class=\"av-masonry-outerimage-container\"><div class=\"av-masonry-image-container\" style=\"background-image: url(https:\/\/grupobribon.es\/bribbon\/wp-content\/uploads\/2026\/02\/IMG_8228-529x705.jpg);\" title=\"BRIBB\u014cN  &#8211; Barra &#038; Brasa\"  alt=\"BRIBB\u014cN - Barra &amp; Brasa\" ><\/div><\/div><\/figure><\/a><!--end av-masonry entry--><a href=\"https:\/\/grupobribon.es\/bribbon\/wp-content\/uploads\/2026\/02\/BRIBBON-SEGOVIA4-579x1030.jpeg\"  aria-label=\"image BRIBB\u014cN SEGOVIA4\"  id='av-masonry-1-item-1245' data-av-masonry-item='1245' class='av-masonry-entry isotope-item post-1245 attachment type-attachment status-inherit hentry  av-masonry-item-with-image' title=\"\" alt=\"BRIBB\u014cN - Barra &amp; Brasa en Segovia\"   itemprop=\"thumbnailUrl\" ><div class='av-inner-masonry-sizer'><\/div><figure class='av-inner-masonry main_color'><div class=\"av-masonry-outerimage-container\"><div class=\"av-masonry-image-container\" style=\"background-image: url(https:\/\/grupobribon.es\/bribbon\/wp-content\/uploads\/2026\/02\/BRIBBON-SEGOVIA4-397x705.jpeg);\" title=\"BRIBB\u014cN SEGOVIA4\"  alt=\"BRIBB\u014cN - Barra &amp; Brasa en Segovia\" ><\/div><\/div><\/figure><\/a><!--end av-masonry entry--><a href=\"https:\/\/grupobribon.es\/bribbon\/wp-content\/uploads\/2026\/02\/IMG_6209-773x1030.jpg\"  aria-label=\"image BRIBB\u014cN  &#8211; Barra &#038; Brasa\"  id='av-masonry-1-item-1255' data-av-masonry-item='1255' class='av-masonry-entry isotope-item post-1255 attachment type-attachment status-inherit hentry  av-masonry-item-with-image' title=\"\" alt=\"BRIBB\u014cN - Barra &amp; Brasa\"   itemprop=\"thumbnailUrl\" ><div class='av-inner-masonry-sizer'><\/div><figure class='av-inner-masonry main_color'><div class=\"av-masonry-outerimage-container\"><div class=\"av-masonry-image-container\" style=\"background-image: url(https:\/\/grupobribon.es\/bribbon\/wp-content\/uploads\/2026\/02\/IMG_6209-529x705.jpg);\" title=\"BRIBB\u014cN  &#8211; Barra &#038; Brasa\"  alt=\"BRIBB\u014cN - Barra &amp; Brasa\" ><\/div><\/div><\/figure><\/a><!--end av-masonry entry--><a href=\"https:\/\/grupobribon.es\/bribbon\/wp-content\/uploads\/2026\/02\/BRIBBON-SEGOVIA5-579x1030.jpeg\"  aria-label=\"image BRIBB\u014cN SEGOVIA5\"  id='av-masonry-1-item-1244' data-av-masonry-item='1244' class='av-masonry-entry isotope-item post-1244 attachment type-attachment status-inherit hentry  av-masonry-item-with-image' title=\"\" alt=\"BRIBB\u014cN - Barra &amp; Brasa en Segovia\"   itemprop=\"thumbnailUrl\" ><div class='av-inner-masonry-sizer'><\/div><figure class='av-inner-masonry main_color'><div class=\"av-masonry-outerimage-container\"><div class=\"av-masonry-image-container\" style=\"background-image: url(https:\/\/grupobribon.es\/bribbon\/wp-content\/uploads\/2026\/02\/BRIBBON-SEGOVIA5-397x705.jpeg);\" title=\"BRIBB\u014cN SEGOVIA5\"  alt=\"BRIBB\u014cN - Barra &amp; Brasa en Segovia\" ><\/div><\/div><\/figure><\/a><!--end av-masonry entry--><\/div><\/div>\n","protected":false},"excerpt":{"rendered":"","protected":false},"author":1,"featured_media":1240,"parent":0,"menu_order":0,"comment_status":"closed","ping_status":"closed","template":"","meta":{"footnotes":""},"class_list":["post-966","page","type-page","status-publish","has-post-thumbnail","hentry"],"yoast_head":"<!-- This site is optimized with the Yoast SEO plugin v27.2 - https:\/\/yoast.com\/product\/yoast-seo-wordpress\/ -->\n<title>BRIBB\u014cN - Barra &amp; Brasa en Segovia<\/title>\n<meta name=\"description\" content=\"BRIBB\u014cN, la mejor carne a la brasa al lado del acueducto. Ll\u00e1manos y realiza la reserva en el \ud83d\udcde 680 36 80 90. Te esperamos.\" \/>\n<meta name=\"robots\" content=\"index, follow, max-snippet:-1, max-image-preview:large, max-video-preview:-1\" \/>\n<link rel=\"canonical\" href=\"https:\/\/grupobribon.es\/bribbon\/bribbon-2\/\" \/>\n<meta property=\"og:locale\" content=\"es_ES\" \/>\n<meta property=\"og:type\" content=\"article\" \/>\n<meta property=\"og:title\" content=\"BRIBB\u014cN - Barra &amp; Brasa en Segovia\" \/>\n<meta property=\"og:description\" content=\"BRIBB\u014cN, la mejor carne a la brasa al lado del acueducto. Ll\u00e1manos y realiza la reserva en el \ud83d\udcde 680 36 80 90. Te esperamos.\" \/>\n<meta property=\"og:url\" content=\"https:\/\/grupobribon.es\/bribbon\/bribbon-2\/\" \/>\n<meta property=\"og:site_name\" content=\"BRIBB\u014cN\" \/>\n<meta property=\"article:modified_time\" content=\"2026-03-26T09:59:00+00:00\" \/>\n<meta property=\"og:image\" content=\"https:\/\/grupobribon.es\/bribbon\/wp-content\/uploads\/2026\/02\/BRIBBON-SEGOVIA3.jpeg\" \/>\n\t<meta property=\"og:image:width\" content=\"900\" \/>\n\t<meta property=\"og:image:height\" content=\"1600\" \/>\n\t<meta property=\"og:image:type\" content=\"image\/jpeg\" \/>\n<meta name=\"twitter:card\" content=\"summary_large_image\" \/>\n<meta name=\"twitter:label1\" content=\"Tiempo de lectura\" \/>\n\t<meta name=\"twitter:data1\" content=\"2 minutos\" \/>\n<script type=\"application\/ld+json\" class=\"yoast-schema-graph\">{\"@context\":\"https:\/\/schema.org\",\"@graph\":[{\"@type\":\"WebPage\",\"@id\":\"https:\/\/grupobribon.es\/bribbon\/bribbon-2\/\",\"url\":\"https:\/\/grupobribon.es\/bribbon\/bribbon-2\/\",\"name\":\"BRIBB\u014cN - Barra & Brasa en Segovia\",\"isPartOf\":{\"@id\":\"https:\/\/grupobribon.es\/bribbon\/#website\"},\"primaryImageOfPage\":{\"@id\":\"https:\/\/grupobribon.es\/bribbon\/bribbon-2\/#primaryimage\"},\"image\":{\"@id\":\"https:\/\/grupobribon.es\/bribbon\/bribbon-2\/#primaryimage\"},\"thumbnailUrl\":\"https:\/\/grupobribon.es\/bribbon\/wp-content\/uploads\/2026\/02\/BRIBBON-SEGOVIA3.jpeg\",\"datePublished\":\"2022-09-13T19:25:02+00:00\",\"dateModified\":\"2026-03-26T09:59:00+00:00\",\"description\":\"BRIBB\u014cN, la mejor carne a la brasa al lado del acueducto. Ll\u00e1manos y realiza la reserva en el \ud83d\udcde 680 36 80 90. Te esperamos.\",\"breadcrumb\":{\"@id\":\"https:\/\/grupobribon.es\/bribbon\/bribbon-2\/#breadcrumb\"},\"inLanguage\":\"es\",\"potentialAction\":[{\"@type\":\"ReadAction\",\"target\":[\"https:\/\/grupobribon.es\/bribbon\/bribbon-2\/\"]}]},{\"@type\":\"ImageObject\",\"inLanguage\":\"es\",\"@id\":\"https:\/\/grupobribon.es\/bribbon\/bribbon-2\/#primaryimage\",\"url\":\"https:\/\/grupobribon.es\/bribbon\/wp-content\/uploads\/2026\/02\/BRIBBON-SEGOVIA3.jpeg\",\"contentUrl\":\"https:\/\/grupobribon.es\/bribbon\/wp-content\/uploads\/2026\/02\/BRIBBON-SEGOVIA3.jpeg\",\"width\":900,\"height\":1600,\"caption\":\"BRIBB\u014cN - Barra & Brasa en Segovia\"},{\"@type\":\"BreadcrumbList\",\"@id\":\"https:\/\/grupobribon.es\/bribbon\/bribbon-2\/#breadcrumb\",\"itemListElement\":[{\"@type\":\"ListItem\",\"position\":1,\"name\":\"Portada\",\"item\":\"https:\/\/grupobribon.es\/bribbon\/bribbon-2\/\"},{\"@type\":\"ListItem\",\"position\":2,\"name\":\"BRIBB\u014cN\"}]},{\"@type\":\"WebSite\",\"@id\":\"https:\/\/grupobribon.es\/bribbon\/#website\",\"url\":\"https:\/\/grupobribon.es\/bribbon\/\",\"name\":\"BRIBB\u014cN\",\"description\":\"Barra &amp; Brasa\",\"potentialAction\":[{\"@type\":\"SearchAction\",\"target\":{\"@type\":\"EntryPoint\",\"urlTemplate\":\"https:\/\/grupobribon.es\/bribbon\/?s={search_term_string}\"},\"query-input\":{\"@type\":\"PropertyValueSpecification\",\"valueRequired\":true,\"valueName\":\"search_term_string\"}}],\"inLanguage\":\"es\"}]}<\/script>\n<!-- \/ Yoast SEO plugin. -->","yoast_head_json":{"title":"BRIBB\u014cN - Barra & Brasa en Segovia","description":"BRIBB\u014cN, la mejor carne a la brasa al lado del acueducto. Ll\u00e1manos y realiza la reserva en el \ud83d\udcde 680 36 80 90. Te esperamos.","robots":{"index":"index","follow":"follow","max-snippet":"max-snippet:-1","max-image-preview":"max-image-preview:large","max-video-preview":"max-video-preview:-1"},"canonical":"https:\/\/grupobribon.es\/bribbon\/bribbon-2\/","og_locale":"es_ES","og_type":"article","og_title":"BRIBB\u014cN - Barra & Brasa en Segovia","og_description":"BRIBB\u014cN, la mejor carne a la brasa al lado del acueducto. Ll\u00e1manos y realiza la reserva en el \ud83d\udcde 680 36 80 90. Te esperamos.","og_url":"https:\/\/grupobribon.es\/bribbon\/bribbon-2\/","og_site_name":"BRIBB\u014cN","article_modified_time":"2026-03-26T09:59:00+00:00","og_image":[{"width":900,"height":1600,"url":"https:\/\/grupobribon.es\/bribbon\/wp-content\/uploads\/2026\/02\/BRIBBON-SEGOVIA3.jpeg","type":"image\/jpeg"}],"twitter_card":"summary_large_image","twitter_misc":{"Tiempo de lectura":"2 minutos"},"schema":{"@context":"https:\/\/schema.org","@graph":[{"@type":"WebPage","@id":"https:\/\/grupobribon.es\/bribbon\/bribbon-2\/","url":"https:\/\/grupobribon.es\/bribbon\/bribbon-2\/","name":"BRIBB\u014cN - Barra & Brasa en Segovia","isPartOf":{"@id":"https:\/\/grupobribon.es\/bribbon\/#website"},"primaryImageOfPage":{"@id":"https:\/\/grupobribon.es\/bribbon\/bribbon-2\/#primaryimage"},"image":{"@id":"https:\/\/grupobribon.es\/bribbon\/bribbon-2\/#primaryimage"},"thumbnailUrl":"https:\/\/grupobribon.es\/bribbon\/wp-content\/uploads\/2026\/02\/BRIBBON-SEGOVIA3.jpeg","datePublished":"2022-09-13T19:25:02+00:00","dateModified":"2026-03-26T09:59:00+00:00","description":"BRIBB\u014cN, la mejor carne a la brasa al lado del acueducto. Ll\u00e1manos y realiza la reserva en el \ud83d\udcde 680 36 80 90. Te esperamos.","breadcrumb":{"@id":"https:\/\/grupobribon.es\/bribbon\/bribbon-2\/#breadcrumb"},"inLanguage":"es","potentialAction":[{"@type":"ReadAction","target":["https:\/\/grupobribon.es\/bribbon\/bribbon-2\/"]}]},{"@type":"ImageObject","inLanguage":"es","@id":"https:\/\/grupobribon.es\/bribbon\/bribbon-2\/#primaryimage","url":"https:\/\/grupobribon.es\/bribbon\/wp-content\/uploads\/2026\/02\/BRIBBON-SEGOVIA3.jpeg","contentUrl":"https:\/\/grupobribon.es\/bribbon\/wp-content\/uploads\/2026\/02\/BRIBBON-SEGOVIA3.jpeg","width":900,"height":1600,"caption":"BRIBB\u014cN - Barra & Brasa en Segovia"},{"@type":"BreadcrumbList","@id":"https:\/\/grupobribon.es\/bribbon\/bribbon-2\/#breadcrumb","itemListElement":[{"@type":"ListItem","position":1,"name":"Portada","item":"https:\/\/grupobribon.es\/bribbon\/bribbon-2\/"},{"@type":"ListItem","position":2,"name":"BRIBB\u014cN"}]},{"@type":"WebSite","@id":"https:\/\/grupobribon.es\/bribbon\/#website","url":"https:\/\/grupobribon.es\/bribbon\/","name":"BRIBB\u014cN","description":"Barra &amp; Brasa","potentialAction":[{"@type":"SearchAction","target":{"@type":"EntryPoint","urlTemplate":"https:\/\/grupobribon.es\/bribbon\/?s={search_term_string}"},"query-input":{"@type":"PropertyValueSpecification","valueRequired":true,"valueName":"search_term_string"}}],"inLanguage":"es"}]}},"_links":{"self":[{"href":"https:\/\/grupobribon.es\/bribbon\/wp-json\/wp\/v2\/pages\/966","targetHints":{"allow":["GET"]}}],"collection":[{"href":"https:\/\/grupobribon.es\/bribbon\/wp-json\/wp\/v2\/pages"}],"about":[{"href":"https:\/\/grupobribon.es\/bribbon\/wp-json\/wp\/v2\/types\/page"}],"author":[{"embeddable":true,"href":"https:\/\/grupobribon.es\/bribbon\/wp-json\/wp\/v2\/users\/1"}],"replies":[{"embeddable":true,"href":"https:\/\/grupobribon.es\/bribbon\/wp-json\/wp\/v2\/comments?post=966"}],"version-history":[{"count":45,"href":"https:\/\/grupobribon.es\/bribbon\/wp-json\/wp\/v2\/pages\/966\/revisions"}],"predecessor-version":[{"id":1272,"href":"https:\/\/grupobribon.es\/bribbon\/wp-json\/wp\/v2\/pages\/966\/revisions\/1272"}],"wp:featuredmedia":[{"embeddable":true,"href":"https:\/\/grupobribon.es\/bribbon\/wp-json\/wp\/v2\/media\/1240"}],"wp:attachment":[{"href":"https:\/\/grupobribon.es\/bribbon\/wp-json\/wp\/v2\/media?parent=966"}],"curies":[{"name":"wp","href":"https:\/\/api.w.org\/{rel}","templated":true}]}}